{"id":268,"date":"2018-10-26T20:10:05","date_gmt":"2018-10-26T18:10:05","guid":{"rendered":"http:\/\/oixango.nl\/?page_id=268"},"modified":"2024-04-11T11:52:59","modified_gmt":"2024-04-11T09:52:59","slug":"over-onze-naam","status":"publish","type":"page","link":"https:\/\/oixango.nl\/?page_id=268","title":{"rendered":"Over onze naam"},"content":{"rendered":"<p><img loading=\"lazy\" decoding=\"async\" class=\"size-medium wp-image-1233 aligncenter\" src=\"https:\/\/oixango.nl\/wp-content\/uploads\/2024\/04\/xango-257x300.jpg\" alt=\"\" width=\"257\" height=\"300\" srcset=\"https:\/\/oixango.nl\/wp-content\/uploads\/2024\/04\/xango-257x300.jpg 257w, https:\/\/oixango.nl\/wp-content\/uploads\/2024\/04\/xango-129x150.jpg 129w, https:\/\/oixango.nl\/wp-content\/uploads\/2024\/04\/xango.jpg 300w\" sizes=\"auto, (max-width: 257px) 100vw, 257px\" \/><\/p>\n<p><strong>Met onze naam Oi Xang\u00f4 groeten wij de God Xang\u00f4 (ook wel Chang\u00f3 of Shang\u00f3).<\/strong><br \/>\n<strong>Het betekent dus: Hallo Xang\u00f4.<\/strong><\/p>\n<p><strong>Hij is de eigenaar van vuur, bliksem, donder en oorlog. Daarnaast is hij de beschermheer van muziek, drummen en dansen. Xang\u00f4 heeft veel gezichten. Hij is eigenzinnig, energiek, trots, fel. moedig en een goede vriend. Ook is hij dominant, charismatisch, manipulatief en egocentrisch.<\/strong><br \/>\n<strong>Xang\u00f4\u2019s mannelijkheid, schoonheid, passie en kracht werden toegevoegd aan de krachtige eigenschappen van de heilige Santa Barbara, die in de katholieke overlevering werd afgebeeld als een felle, onafhankelijke en dappere jonge vrouw. Deze associatie laat zien dat zowel mannelijke als vrouwelijke ingewijden kunnen worden gekroond met Xang\u00f4 en zo hun macht kunnen uitoefenen. De jaarlijkse Xang\u00f4\/Santa Barbara verering vindt plaats op 4 december.<\/strong><br \/>\n<strong>Xang\u00f4 draagt rood met witte kleding en een gouden kroon. Om zijn hals heeft hij een eleke (heilige halsketting) met afwisselend rode en witte kralen. Het symbool van Xang\u00f4 is de dubbelkoppige bijl, die staat voor snelle gerechtigheid.<\/strong><\/p>\n<p>Verder lezen:<br \/>\n<a href=\"http:\/\/www.aboutsanteria.com\/changoacute.html\" target=\"_blank\" rel=\"noopener\">http:\/\/www.aboutsanteria.com\/changoacute.html<\/a><\/p>\n","protected":false},"excerpt":{"rendered":"<p>Met onze naam Oi Xang\u00f4 groeten wij de God Xang\u00f4 (ook wel Chang\u00f3 of Shang\u00f3). Het betekent dus: Hallo Xang\u00f4. Hij is de eigenaar van vuur, bliksem, donder en oorlog. Daarnaast is hij de beschermheer van muziek, drummen en dansen. Xang\u00f4 heeft veel gezichten. Hij &hellip; <a href=\"https:\/\/oixango.nl\/?page_id=268\" class=\"more-link\"><span>Lees verder<span class=\"screen-reader-text\">Over onze naam<\/span><\/span><\/a><\/p>\n","protected":false},"author":1,"featured_media":0,"parent":0,"menu_order":0,"comment_status":"closed","ping_status":"closed","template":"","meta":{"_mc_calendar":[],"footnotes":""},"class_list":["post-268","page","type-page","status-publish","hentry"],"yoast_head":"<!-- This site is optimized with the Yoast SEO plugin v27.5 - https:\/\/yoast.com\/product\/yoast-seo-wordpress\/ -->\n<title>Over onze naam - OI XANG\u00d4<\/title>\n<meta name=\"robots\" content=\"index, follow, max-snippet:-1, max-image-preview:large, max-video-preview:-1\" \/>\n<link rel=\"canonical\" href=\"https:\/\/oixango.nl\/?page_id=268\" \/>\n<meta property=\"og:locale\" content=\"nl_NL\" \/>\n<meta property=\"og:type\" content=\"article\" \/>\n<meta property=\"og:title\" content=\"Over onze naam - OI XANG\u00d4\" \/>\n<meta property=\"og:description\" content=\"Met onze naam Oi Xang\u00f4 groeten wij de God Xang\u00f4 (ook wel Chang\u00f3 of Shang\u00f3). Het betekent dus: Hallo Xang\u00f4. Hij is de eigenaar van vuur, bliksem, donder en oorlog. Daarnaast is hij de beschermheer van muziek, drummen en dansen. Xang\u00f4 heeft veel gezichten. Hij &hellip; Lees verderOver onze naam\" \/>\n<meta property=\"og:url\" content=\"https:\/\/oixango.nl\/?page_id=268\" \/>\n<meta property=\"og:site_name\" content=\"OI XANG\u00d4\" \/>\n<meta property=\"article:publisher\" content=\"https:\/\/www.facebook.com\/oixango\/\" \/>\n<meta property=\"article:modified_time\" content=\"2024-04-11T09:52:59+00:00\" \/>\n<meta property=\"og:image\" content=\"https:\/\/oixango.nl\/wp-content\/uploads\/2024\/04\/xango-257x300.jpg\" \/>\n<meta name=\"twitter:card\" content=\"summary_large_image\" \/>\n<meta name=\"twitter:label1\" content=\"Geschatte leestijd\" \/>\n\t<meta name=\"twitter:data1\" content=\"2 minuten\" \/>\n<script type=\"application\/ld+json\" class=\"yoast-schema-graph\">{\"@context\":\"https:\\\/\\\/schema.org\",\"@graph\":[{\"@type\":\"WebPage\",\"@id\":\"https:\\\/\\\/oixango.nl\\\/?page_id=268\",\"url\":\"https:\\\/\\\/oixango.nl\\\/?page_id=268\",\"name\":\"Over onze naam - OI XANG\u00d4\",\"isPartOf\":{\"@id\":\"https:\\\/\\\/oixango.nl\\\/#website\"},\"primaryImageOfPage\":{\"@id\":\"https:\\\/\\\/oixango.nl\\\/?page_id=268#primaryimage\"},\"image\":{\"@id\":\"https:\\\/\\\/oixango.nl\\\/?page_id=268#primaryimage\"},\"thumbnailUrl\":\"https:\\\/\\\/oixango.nl\\\/wp-content\\\/uploads\\\/2024\\\/04\\\/xango-257x300.jpg\",\"datePublished\":\"2018-10-26T18:10:05+00:00\",\"dateModified\":\"2024-04-11T09:52:59+00:00\",\"breadcrumb\":{\"@id\":\"https:\\\/\\\/oixango.nl\\\/?page_id=268#breadcrumb\"},\"inLanguage\":\"nl-NL\",\"potentialAction\":[{\"@type\":\"ReadAction\",\"target\":[\"https:\\\/\\\/oixango.nl\\\/?page_id=268\"]}]},{\"@type\":\"ImageObject\",\"inLanguage\":\"nl-NL\",\"@id\":\"https:\\\/\\\/oixango.nl\\\/?page_id=268#primaryimage\",\"url\":\"https:\\\/\\\/oixango.nl\\\/wp-content\\\/uploads\\\/2024\\\/04\\\/xango.jpg\",\"contentUrl\":\"https:\\\/\\\/oixango.nl\\\/wp-content\\\/uploads\\\/2024\\\/04\\\/xango.jpg\",\"width\":300,\"height\":350},{\"@type\":\"BreadcrumbList\",\"@id\":\"https:\\\/\\\/oixango.nl\\\/?page_id=268#breadcrumb\",\"itemListElement\":[{\"@type\":\"ListItem\",\"position\":1,\"name\":\"Home\",\"item\":\"https:\\\/\\\/oixango.nl\\\/\"},{\"@type\":\"ListItem\",\"position\":2,\"name\":\"Over onze naam\"}]},{\"@type\":\"WebSite\",\"@id\":\"https:\\\/\\\/oixango.nl\\\/#website\",\"url\":\"https:\\\/\\\/oixango.nl\\\/\",\"name\":\"Oi Xango\",\"description\":\"Trommelen met plezier!\",\"publisher\":{\"@id\":\"https:\\\/\\\/oixango.nl\\\/#organization\"},\"potentialAction\":[{\"@type\":\"SearchAction\",\"target\":{\"@type\":\"EntryPoint\",\"urlTemplate\":\"https:\\\/\\\/oixango.nl\\\/?s={search_term_string}\"},\"query-input\":{\"@type\":\"PropertyValueSpecification\",\"valueRequired\":true,\"valueName\":\"search_term_string\"}}],\"inLanguage\":\"nl-NL\"},{\"@type\":\"Organization\",\"@id\":\"https:\\\/\\\/oixango.nl\\\/#organization\",\"name\":\"Oi Xango\",\"url\":\"https:\\\/\\\/oixango.nl\\\/\",\"logo\":{\"@type\":\"ImageObject\",\"inLanguage\":\"nl-NL\",\"@id\":\"https:\\\/\\\/oixango.nl\\\/#\\\/schema\\\/logo\\\/image\\\/\",\"url\":\"https:\\\/\\\/oixango.nl\\\/wp-content\\\/uploads\\\/2024\\\/03\\\/OiXango-header10.jpg\",\"contentUrl\":\"https:\\\/\\\/oixango.nl\\\/wp-content\\\/uploads\\\/2024\\\/03\\\/OiXango-header10.jpg\",\"width\":468,\"height\":168,\"caption\":\"Oi Xango\"},\"image\":{\"@id\":\"https:\\\/\\\/oixango.nl\\\/#\\\/schema\\\/logo\\\/image\\\/\"},\"sameAs\":[\"https:\\\/\\\/www.facebook.com\\\/oixango\\\/\",\"https:\\\/\\\/www.instagram.com\\\/oi_xango?igsh=NWtpNjh0MXE2NmE0&utm_source=qr\"]}]}<\/script>\n<!-- \/ Yoast SEO plugin. -->","yoast_head_json":{"title":"Over onze naam - OI XANG\u00d4","robots":{"index":"index","follow":"follow","max-snippet":"max-snippet:-1","max-image-preview":"max-image-preview:large","max-video-preview":"max-video-preview:-1"},"canonical":"https:\/\/oixango.nl\/?page_id=268","og_locale":"nl_NL","og_type":"article","og_title":"Over onze naam - OI XANG\u00d4","og_description":"Met onze naam Oi Xang\u00f4 groeten wij de God Xang\u00f4 (ook wel Chang\u00f3 of Shang\u00f3). Het betekent dus: Hallo Xang\u00f4. Hij is de eigenaar van vuur, bliksem, donder en oorlog. Daarnaast is hij de beschermheer van muziek, drummen en dansen. Xang\u00f4 heeft veel gezichten. Hij &hellip; Lees verderOver onze naam","og_url":"https:\/\/oixango.nl\/?page_id=268","og_site_name":"OI XANG\u00d4","article_publisher":"https:\/\/www.facebook.com\/oixango\/","article_modified_time":"2024-04-11T09:52:59+00:00","og_image":[{"url":"https:\/\/oixango.nl\/wp-content\/uploads\/2024\/04\/xango-257x300.jpg","type":"","width":"","height":""}],"twitter_card":"summary_large_image","twitter_misc":{"Geschatte leestijd":"2 minuten"},"schema":{"@context":"https:\/\/schema.org","@graph":[{"@type":"WebPage","@id":"https:\/\/oixango.nl\/?page_id=268","url":"https:\/\/oixango.nl\/?page_id=268","name":"Over onze naam - OI XANG\u00d4","isPartOf":{"@id":"https:\/\/oixango.nl\/#website"},"primaryImageOfPage":{"@id":"https:\/\/oixango.nl\/?page_id=268#primaryimage"},"image":{"@id":"https:\/\/oixango.nl\/?page_id=268#primaryimage"},"thumbnailUrl":"https:\/\/oixango.nl\/wp-content\/uploads\/2024\/04\/xango-257x300.jpg","datePublished":"2018-10-26T18:10:05+00:00","dateModified":"2024-04-11T09:52:59+00:00","breadcrumb":{"@id":"https:\/\/oixango.nl\/?page_id=268#breadcrumb"},"inLanguage":"nl-NL","potentialAction":[{"@type":"ReadAction","target":["https:\/\/oixango.nl\/?page_id=268"]}]},{"@type":"ImageObject","inLanguage":"nl-NL","@id":"https:\/\/oixango.nl\/?page_id=268#primaryimage","url":"https:\/\/oixango.nl\/wp-content\/uploads\/2024\/04\/xango.jpg","contentUrl":"https:\/\/oixango.nl\/wp-content\/uploads\/2024\/04\/xango.jpg","width":300,"height":350},{"@type":"BreadcrumbList","@id":"https:\/\/oixango.nl\/?page_id=268#breadcrumb","itemListElement":[{"@type":"ListItem","position":1,"name":"Home","item":"https:\/\/oixango.nl\/"},{"@type":"ListItem","position":2,"name":"Over onze naam"}]},{"@type":"WebSite","@id":"https:\/\/oixango.nl\/#website","url":"https:\/\/oixango.nl\/","name":"Oi Xango","description":"Trommelen met plezier!","publisher":{"@id":"https:\/\/oixango.nl\/#organization"},"potentialAction":[{"@type":"SearchAction","target":{"@type":"EntryPoint","urlTemplate":"https:\/\/oixango.nl\/?s={search_term_string}"},"query-input":{"@type":"PropertyValueSpecification","valueRequired":true,"valueName":"search_term_string"}}],"inLanguage":"nl-NL"},{"@type":"Organization","@id":"https:\/\/oixango.nl\/#organization","name":"Oi Xango","url":"https:\/\/oixango.nl\/","logo":{"@type":"ImageObject","inLanguage":"nl-NL","@id":"https:\/\/oixango.nl\/#\/schema\/logo\/image\/","url":"https:\/\/oixango.nl\/wp-content\/uploads\/2024\/03\/OiXango-header10.jpg","contentUrl":"https:\/\/oixango.nl\/wp-content\/uploads\/2024\/03\/OiXango-header10.jpg","width":468,"height":168,"caption":"Oi Xango"},"image":{"@id":"https:\/\/oixango.nl\/#\/schema\/logo\/image\/"},"sameAs":["https:\/\/www.facebook.com\/oixango\/","https:\/\/www.instagram.com\/oi_xango?igsh=NWtpNjh0MXE2NmE0&utm_source=qr"]}]}},"_links":{"self":[{"href":"https:\/\/oixango.nl\/index.php?rest_route=\/wp\/v2\/pages\/268","targetHints":{"allow":["GET"]}}],"collection":[{"href":"https:\/\/oixango.nl\/index.php?rest_route=\/wp\/v2\/pages"}],"about":[{"href":"https:\/\/oixango.nl\/index.php?rest_route=\/wp\/v2\/types\/page"}],"author":[{"embeddable":true,"href":"https:\/\/oixango.nl\/index.php?rest_route=\/wp\/v2\/users\/1"}],"replies":[{"embeddable":true,"href":"https:\/\/oixango.nl\/index.php?rest_route=%2Fwp%2Fv2%2Fcomments&post=268"}],"version-history":[{"count":12,"href":"https:\/\/oixango.nl\/index.php?rest_route=\/wp\/v2\/pages\/268\/revisions"}],"predecessor-version":[{"id":1242,"href":"https:\/\/oixango.nl\/index.php?rest_route=\/wp\/v2\/pages\/268\/revisions\/1242"}],"wp:attachment":[{"href":"https:\/\/oixango.nl\/index.php?rest_route=%2Fwp%2Fv2%2Fmedia&parent=268"}],"curies":[{"name":"wp","href":"https:\/\/api.w.org\/{rel}","templated":true}]}}